{"id":2544,"date":"2021-11-20T17:30:09","date_gmt":"2021-11-20T17:30:09","guid":{"rendered":"https:\/\/etran.rs\/drustvo\/?page_id=2544"},"modified":"2023-05-04T22:20:44","modified_gmt":"2023-05-04T21:20:44","slug":"etran-society-board-2","status":"publish","type":"page","link":"https:\/\/etran.rs\/drustvo\/en\/etran-society-board-2\/","title":{"rendered":"ETRAN Society Board"},"content":{"rendered":"\n<h3 class=\"wp-block-heading\" id=\"chairman-and-legal-representative\">Chairman and Legal Representative<\/h3>\n\n\n\n<p> <strong>Prof. dr.<\/strong> <strong>Vladimir Kati\u0107<\/strong>,  University of N\u043evi Sad, Faculty of Technical Sciences, Novi Sad <\/p>\n\n\n\n<h4 class=\"wp-block-heading\" id=\"vice-chairman\">Vice-Chairman<\/h4>\n\n\n\n<p><strong>Prof. dr. Slobodan Vukosavi\u0107<\/strong>, Academician SASA, University of Belgrade, Faculty of Electrical Engineering, Belgrade<\/p>\n\n\n\n<pre class=\"wp-block-code\"><code><hr><\/code><\/pre>\n\n\n\n<h3 class=\"wp-block-heading\" id=\"steering-committee-of-etran-society\">Steering Committee of ETRAN Society<\/h3>\n\n\n\n<h4 class=\"wp-block-heading\" id=\"electronics\">Electronics<\/h4>\n\n\n\n<p>Prof. dr. Branko Doki\u0107, University of Banja Luka, Faculty of Electrical Engineering, Banja Luka<!-- <br>Prof. dr. Predrag Petkovi\u0107, University of Ni\u0161, Faculty of Electronics, Ni\u0161 --><br>Prof. dr. Dragan Man\u010di\u0107, University of Ni\u0161, Faculty of Electronics, Ni\u0161<\/p>\n\n\n\n<h4 class=\"wp-block-heading\" id=\"\u0442elecommunications\">\u0422elecommunications<\/h4>\n\n\n\n<p>Prof. dr. Predrag Petrovi\u0107, Full Research Professor, IRITEL Institute, Belgrade<\/p>\n\n\n\n<h4 class=\"wp-block-heading\" id=\"computers\">Computers<\/h4>\n\n\n\n<p>Prof. dr. Zora Konjovi\u0107, Singidunum University, Belgrade, Department Novi Sad<br>Prof. dr. Milo Toma\u0161evi\u0107, University of Belgrade, Faculty of Electrical Engineering, Belgrade<\/p>\n\n\n\n<h4 class=\"wp-block-heading\" id=\"automatic-control\">Automatic Control<\/h4>\n\n\n\n<p>Prof. dr. \u017del\u0458ko \u0110urovi\u0107, University of Belgrade, Faculty of Electrical Engineering, Belgrade<br>Prof. dr. Igor \u0110urovi\u0107, University of Podgorica, Elektrotehni\u010dki fakultet, Podgorica<\/p>\n\n\n\n<h4 class=\"wp-block-heading\" id=\"nuclear-engineering\">Nuclear Engineering<\/h4>\n\n\n\n<p>Dr. Dragana Nikoli\u0107, University of Belgrade, Vin\u010da institute, Belgrade<\/p>\n\n\n\n<h4 class=\"wp-block-heading\" id=\"acoustics\">Acoustics<\/h4>\n\n\n\n<p>Prof. dr. Miomir Miji\u0107, University of Belgrade, Faculty of Electrical Engineering, Belgrade<\/p>\n\n\n\n<h4 class=\"wp-block-heading\" id=\"antennas-and-propagation\">Antennas and Propagation<\/h4>\n\n\n\n<p>Prof. dr Branko Kolund\u017eija, University of Belgrade, Faculty of Electrical Engineering, Belgrade<\/p>\n\n\n\n<h4 class=\"wp-block-heading\" id=\"artificial-intelligence\">Artificial Intelligence<\/h4>\n\n\n\n<p>Prof. dr. Sanja Vrane\u0161, University of Belgrade, Mihajlo Pupin Institute, Beograd<\/p>\n\n\n\n<h4 class=\"wp-block-heading\" id=\"electric-circuits-and-systems-and-signal-processing\">Electric Circuits and systems and signal processing<\/h4>\n\n\n\n<p>Prof. dr. Branimir Reljin, University of Belgrade, Faculty of Electrical Engineering, Belgrade<\/p>\n\n\n\n<h4 class=\"wp-block-heading\" id=\"power-engineering\">Power Engineering<\/h4>\n\n\n\n<p>Prof. dr. Vladimir Kati\u0107, University of N\u043evi Sad, Faculty of Technical Sciences, Novi Sad<br>Prof. dr. Slobodan Vukosavi\u0107, Academician SASA, University of Belgrade, Faculty of Electrical Engineering, Belgrade<\/p>\n\n\n\n<h4 class=\"wp-block-heading\" id=\"biomedicine\">Biomedicine<\/h4>\n\n\n\n<p>Prof. Nikola Jorgovanovi\u0107, University of N\u043evi Sad, Faculty of Technical Sciences, Novi Sad<\/p>\n\n\n\n<h4 class=\"wp-block-heading\" id=\"metrology\">Metrology<\/h4>\n\n\n\n<p>Prof. dr. Dragan Deni\u0107, University of Ni\u0161, Faculty of Electronics, Ni\u0161 New materials<\/p>\n\n\n\n<h4 class=\"wp-block-heading\" id=\"new-materials-1\">New Materials<\/h4>\n\n\n\n<p>Prof. dr. Neboj\u0161a Mitrovi\u0107, University of Kragujevac, Faculty of Technical Sciences, \u010ca\u010dak<\/p>\n\n\n\n<h4 class=\"wp-block-heading\" id=\"microelectronics-and-optoelectronics\">Microelectronics and Optoelectronics<\/h4>\n\n\n\n<p>Prof. dr. Zoran Jak\u0161i\u0107, University of Belgrade, Institute for Chemistry, Technology and Metallurgy, Belgrade<\/p>\n\n\n\n<h4 class=\"wp-block-heading\" id=\"microwave-and-submillimeter-technique\">Microwave and Submillimeter Technique<\/h4>\n\n\n\n<p>Prof. dr. Bratislav Milovanovi\u0107, Singidunum University, Belgrade<\/p>\n\n\n\n<h4 class=\"wp-block-heading\" id=\"robotics-and-flexible-automation\">Robotics and Flexible Automation<\/h4>\n\n\n\n<p>Prof. dr. Veljko Potkonjak, Metropolitan University, Belgrade<\/p>\n\n\n\n<pre class=\"wp-block-code\"><code><hr><\/code><\/pre>\n\n\n\n<h3 class=\"wp-block-heading\" id=\"organizing-committee-of-scientific-meetings-of-etran-society\">Organizing Committee of Scientific Meetings of ETRAN Society<\/h3>\n\n\n\n<h4 class=\"wp-block-heading\" id=\"president\">President<\/h4>\n\n\n\n<p><strong>Prof. dr. Platon Sovilj<\/strong>, University of Novi Sad, Faculty of Technical Sciences, Novi Sad<\/p>\n\n\n\n<h4 class=\"wp-block-heading\" id=\"vice-president\">Vice-President<\/h4>\n\n\n\n<p><strong>Prof. dr. Aleksandra Smiljani\u0107<\/strong>, University of Belgrade, Faculty of Electrical Engineering, Belgrade  <\/p>\n\n\n\n<pre class=\"wp-block-code\"><code><hr><\/code><\/pre>\n\n\n\n<h4 class=\"wp-block-heading\" id=\"electronics\">Electronics<\/h4>\n\n\n\n<p>Prof. dr. Lazar Saranovac, University of Belgrade, Faculty of Electrical Engineering, Belgrade<br>Prof. dr. Marko Dimitrijevi\u0107, University of Ni\u0161, Faculty of Electronics, Ni\u0161<\/p>\n\n\n\n<h4 class=\"wp-block-heading\" id=\"telecommunications\">Telecommunications<\/h4>\n\n\n\n<p>Prof. dr. Nenad Milo\u0161evi\u0107, University of Ni\u0161, Faculty of Electronics, Ni\u0161<br>Prof. dr. Aleksandra Smiljani\u0107, University of Belgrade, Faculty of Electrical Engineering, Belgrade<br>Prof. dr. Petar Spalevi\u0107, University of Kosovska Mitrovica, Faculty of Technical Sciences, Kosovska Mitrovica<\/p>\n\n\n\n<h4 class=\"wp-block-heading\" id=\"computers\">Computers<\/h4>\n\n\n\n<p>Prof. dr. Igor Tartalja, University of Belgrade, Faculty of Electrical Engineering, Belgrade<br>Prof. dr. Aleksandar Jevremovi\u0107, Singidunum University, Belgrade<br>prof. dr. Vladimir M. \u0106iri\u0107, University of Ni\u0161, Faculty of Electronics, Ni\u0161<\/p>\n\n\n\n<h4 class=\"wp-block-heading\" id=\"automatic-control\">Automatic Control<\/h4>\n\n\n\n<p>Prof. dr. Boban Veseli\u0107, University of Ni\u0161, Faculty of Electronics, Ni\u0161<\/p>\n\n\n\n<h4 class=\"wp-block-heading\" id=\"nuclear-engineering\">Nuclear Engineering<\/h4>\n\n\n\n<p>Assist. prof. dr. Koviljka Stankovi\u0107, University of Belgrade, Faculty of Electrical Engineering, Belgrade<\/p>\n\n\n\n<h4 class=\"wp-block-heading\" id=\"acoustics\">Acoustics<\/h4>\n\n\n\n<p>Prof. dr. Dejan \u0106iri\u0107, University of Ni\u0161, Faculty of Electronics, Ni\u0161<\/p>\n\n\n\n<h4 class=\"wp-block-heading\" id=\"antennas-and-propagation\">Antennas and Propagation<\/h4>\n\n\n\n<p>Assist. prof. dr. Miodrag Tasi\u0107, University of Belgrade, Faculty of Electrical Engineering, Belgrade<\/p>\n\n\n\n<h4 class=\"wp-block-heading\" id=\"artificial-intelligence\">Artificial Intelligence<\/h4>\n\n\n\n<p>dr. Miljan Vu\u010deti\u0107, VLATAKOM, Belgrade<\/p>\n\n\n\n<h4 class=\"wp-block-heading\" id=\"electric-circuits-and-systems-and-signal-processing\">Electric Circuits and systems and signal processing<\/h4>\n\n\n\n<p>Prof. dr. Milka Potrebi\u0107 Ivani\u0161, University of Belgrade, Faculty of Electrical Engineering, Belgrade<\/p>\n\n\n\n<h4 class=\"wp-block-heading\" id=\"power-engineering\">Power Engineering<\/h4>\n\n\n\n<p>Assoc. prof. dr. Marko Rosi\u0107, University of Kragujevac, Faculty of Technical Sciences, \u010ca\u010dak<br>Dr. \u0110or\u0111e Stoji\u0107, Senior research associate, University of Belgrade, Institute Nikola Tesla, Belgrade<\/p>\n\n\n\n<h4 class=\"wp-block-heading\" id=\"biomedicine\">Biomedicine<\/h4>\n\n\n\n<p>Assoc. Prof. dr Milica Jankovi\u0107, University of Belgrade, Faculty of Electrical Engineering, Belgrade<\/p>\n\n\n\n<h4 class=\"wp-block-heading\" id=\"metrology\">Metrology<\/h4>\n\n\n\n<p>Prof. dr. Platon Sovilj, University of Novi Sad, Faculty of Technical Sciences, Novi Sad<br>Prof. dr. Dragan Peji\u0107, University of Novi Sad, Faculty of Technical Sciences, Novi Sad<\/p>\n\n\n\n<h4 class=\"wp-block-heading\" id=\"microelectronics-and-optoelectronics\">Microelectronics and Optoelectronics<\/h4>\n\n\n\n<p>Prof. dr. Tatjana Pe\u0161i\u0107-Br\u0111anin, University of Banja Luka, Faculty of Electrical Engineering, Banja Luka<br>Prof. dr. Aneta Priji\u0107, University of Ni\u0161, Faculty of Electronic Engineering, Ni\u0161<\/p>\n\n\n\n<h4 class=\"wp-block-heading\" id=\"microwave-and-submillimeter-technique\">Microwave and Submillimeter Technique<\/h4>\n\n\n\n<p>Prof. dr. Neboj\u0161a Don\u010dov, University of Ni\u0161, Faculty of Electronics, Ni\u0161<\/p>\n\n\n\n<h4 class=\"wp-block-heading\" id=\"new-materials\">New Materials<\/h4>\n\n\n\n<p>Prof. dr. Vesna Paunovi\u0107, University of Ni\u0161, Faculty of Electronics, Ni\u0161<\/p>\n\n\n\n<h4 class=\"wp-block-heading\" id=\"robotics-and-flexible-automation\">Robotics and Flexible Automation<\/h4>\n\n\n\n<p>Dr. Aleksandar Rodi\u0107, Research Professor, University of Belgrade, Institute Mihajlo Pupin, Belgrade<br>Assoc. Prof. dr. Kosta Jovanovi\u0107, University of Belgrade, Faculty of Electrical Engineering, Belgrade<br>Prof. dr. \u017divana Jakovljevi\u0107, University of Belgrade, Faculty of Mechanical Engineering, Belgrade<\/p>\n","protected":false},"excerpt":{"rendered":"<p>Chairman and Legal Representative Prof. dr. Vladimir Kati\u0107, University of N\u043evi Sad, Faculty of Technical Sciences, Novi Sad Vice-Chairman Prof. dr. Slobodan Vukosavi\u0107, Academician SASA, University of Belgrade, Faculty of Electrical Engineering, Belgrade Steering Committee of ETRAN Society Electronics Prof. dr. Branko Doki\u0107, University of Banja Luka, Faculty of Electrical Engineering, Banja LukaProf. dr. Dragan [\u2026]<\/p>\n","protected":false},"author":1,"featured_media":0,"parent":0,"menu_order":0,"comment_status":"closed","ping_status":"closed","template":"","meta":{"_monsterinsights_skip_tracking":false,"_monsterinsights_sitenote_active":false,"_monsterinsights_sitenote_note":"","_monsterinsights_sitenote_category":0,"footnotes":""},"class_list":["post-2544","page","type-page","status-publish","hentry"],"aioseo_notices":[],"_links":{"self":[{"href":"https:\/\/etran.rs\/drustvo\/wp-json\/wp\/v2\/pages\/2544","targetHints":{"allow":["GET"]}}],"collection":[{"href":"https:\/\/etran.rs\/drustvo\/wp-json\/wp\/v2\/pages"}],"about":[{"href":"https:\/\/etran.rs\/drustvo\/wp-json\/wp\/v2\/types\/page"}],"author":[{"embeddable":true,"href":"https:\/\/etran.rs\/drustvo\/wp-json\/wp\/v2\/users\/1"}],"replies":[{"embeddable":true,"href":"https:\/\/etran.rs\/drustvo\/wp-json\/wp\/v2\/comments?post=2544"}],"version-history":[{"count":48,"href":"https:\/\/etran.rs\/drustvo\/wp-json\/wp\/v2\/pages\/2544\/revisions"}],"predecessor-version":[{"id":3024,"href":"https:\/\/etran.rs\/drustvo\/wp-json\/wp\/v2\/pages\/2544\/revisions\/3024"}],"wp:attachment":[{"href":"https:\/\/etran.rs\/drustvo\/wp-json\/wp\/v2\/media?parent=2544"}],"curies":[{"name":"wp","href":"https:\/\/api.w.org\/{rel}","templated":true}]}}