{"id":2546,"date":"2021-11-20T13:30:47","date_gmt":"2021-11-20T13:30:47","guid":{"rendered":"https:\/\/etran.rs\/drustvo\/?page_id=2546"},"modified":"2022-04-16T22:58:09","modified_gmt":"2022-04-16T21:58:09","slug":"fellows-of-etan-etran-2","status":"publish","type":"page","link":"https:\/\/etran.rs\/drustvo\/en\/fellows-of-etan-etran-2\/","title":{"rendered":"Fellows of ETAN\/ETRAN"},"content":{"rendered":"\n<h4 class=\"wp-block-heading\">Ni\u0161, June 9, 1967.<\/h4>\n\n\n\n<p>1. Rajko Tomovi\u0107, honorary president of ETAN\/ETRAN<\/p>\n\n\n\n<h4 class=\"wp-block-heading\">Zadar, June 12, 1978.<\/h4>\n\n\n\n<p>12 members<\/p>\n\n\n\n<h4 class=\"wp-block-heading\">Belgrade, May 1999.<\/h4>\n\n\n\n<p>1. Academician Jovan Surutka<br>2. Prof. Dimitrije Tjapkin<br>3. Prof. Radoslav Horvat<\/p>\n\n\n\n<h4 class=\"wp-block-heading\">Belgrade, 15. May 2006.<\/h4>\n\n\n\n<p>1. Academician Petar Miljani\u0107<br>2. Academician Mom\u010dilo Risti\u0107<br>3. Academician Miomir Vukobratovi\u0107<br>4. Academician Aleksandar Marin\u010di\u0107<br>5. Academician Ilija Stojanovi\u0107<br>6. Academician Pantelija Nikoli\u0107<br>7. Prof. Husnija Kurtovi\u0107<br>8. Prof. Petar Pravica<br>9. Prof. Du\u0161an Hristovi\u0107<br>10. Prof. Mili\u0107 Stoji\u0107<br>11. Prof. Slobodan Lazovi\u0107<br>12. Prof. Vojislav Aran\u0111elovi\u0107<\/p>\n\n\n\n<h4 class=\"wp-block-heading\">Zlatibor, June 4, 2013.<\/h4>\n\n\n\n<p>1. Prof. Sr\u0111an Stankovi\u0107<br>2. Prof. Borivoj Lazi\u0107<br>3. Prof. Du\u0161an Petrova\u010dki<\/p>\n\n\n\n<h4 class=\"wp-block-heading\">Zlatibor, June 14, 2016.<\/h4>\n\n\n\n<p>1. Academician Dejan Popovi\u0107<br>2. Prof. Van\u010do Litovski<br>3. Prof. Branko Doki\u0107<br>4. Prof. Branko Kova\u010devi\u0107<br>5. Prof. Vladimir Kati\u0107<br>6. Prof. Branimir Reljin<br>7. Prof. Miloljub Smiljani\u0107<br>8. Prof. Zoran Jak\u0161i\u0107<br>9. Prof. Bratislav Milovanovi\u0107<br>10. Prof. Veljko Potkonjak<\/p>\n\n\n\n<pre class=\"wp-block-code\"><code><hr><\/code><\/pre>\n\n\n\n<h3 class=\"wp-block-heading\">Distinguished members of ETAN\/ETRAN<\/h3>\n\n\n\n<h4 class=\"wp-block-heading\">Zadar, June 12, 1978.<\/h4>\n\n\n\n<p>119 members<\/p>\n\n\n\n<h4 class=\"wp-block-heading\">Belgrade, May 15, 2006.<\/h4>\n\n\n\n<p>1. Prof. Georgi Dimirovski<br>2. Prof. dr Branko Doki\u0107<br>3. Prof. dr Branimir Djordjevi\u0107<br>4. Prof. Zoran Jak\u0161i\u0107<br>5. Prof. Vladimir Kati\u0107<br>6. Prof. Branko Kova\u010devi\u0107<br>7. Prof. Borivoj Lazi\u0107<br>8. Prof. Bratislav Milovanovi\u0107<br>9. Prof. Djordje Paunovi\u0107<br>10. Prof. Du\u0161an Petrova\u010dki<br>11. Prof. Miloljub Smiljani\u0107<br>12. Prof. Zdravko Uskokovi\u0107<br>13. Prof. Baldomir Zajc<\/p>\n\n\n\n<h4 class=\"wp-block-heading\">Zlatibor, June 4, 2013.<\/h4>\n\n\n\n<p>1. Prof. Du\u0161an Draji\u0107<br>2. Prof. Aleksandar Ne\u0161i\u0107<\/p>\n\n\n\n<h4 class=\"wp-block-heading\">Zlatibor, June 14, 2016.<\/h4>\n\n\n\n<p>1. Prof. Predrag Petrovi\u0107<br>2. Prof. Zora Konjovi\u0107<br>3. Prof. Zoran Jovanovi\u0107<br>4. Ivan Milentijevi\u0107<br>5. Prof. Miomir Miji\u0107<br>6. Prof. Branko Kolund\u017eija<br>7. Prof. Milan Milosavljevi\u0107<br>8. Prof. Miroslav Lutovac<br>9. Prof. Jeroslav \u017divani\u0107<br>10. Prof. Vladimir Vuji\u010di\u0107<br>11. Prof. Bo\u017eidar Dimitrijevi\u0107<br>12. Prof. Vera Markovi\u0107<br>13. Prof. Neboj\u0161a Mitrovi\u0107<br>14. Prof. Aleksandar Rodi\u0107<br>15. Prof. Mili\u0107 \u0110eki\u0107<\/p>\n","protected":false},"excerpt":{"rendered":"<p>Ni\u0161, June 9, 1967. 1. Rajko Tomovi\u0107, honorary president of ETAN\/ETRAN Zadar, June 12, 1978. 12 members Belgrade, May 1999. 1. Academician Jovan Surutka2. Prof. Dimitrije Tjapkin3. Prof. Radoslav Horvat Belgrade, 15. May 2006. 1. Academician Petar Miljani\u01072. Academician Mom\u010dilo Risti\u01073. Academician Miomir Vukobratovi\u01074. Academician Aleksandar Marin\u010di\u01075. Academician Ilija Stojanovi\u01076. Academician Pantelija Nikoli\u01077. Prof. Husnija [\u2026]<\/p>\n","protected":false},"author":1,"featured_media":0,"parent":0,"menu_order":0,"comment_status":"closed","ping_status":"open","template":"pages\/compact.php","meta":{"_monsterinsights_skip_tracking":false,"_monsterinsights_sitenote_active":false,"_monsterinsights_sitenote_note":"","_monsterinsights_sitenote_category":0,"footnotes":""},"class_list":["post-2546","page","type-page","status-publish","hentry"],"aioseo_notices":[],"_links":{"self":[{"href":"https:\/\/etran.rs\/drustvo\/wp-json\/wp\/v2\/pages\/2546","targetHints":{"allow":["GET"]}}],"collection":[{"href":"https:\/\/etran.rs\/drustvo\/wp-json\/wp\/v2\/pages"}],"about":[{"href":"https:\/\/etran.rs\/drustvo\/wp-json\/wp\/v2\/types\/page"}],"author":[{"embeddable":true,"href":"https:\/\/etran.rs\/drustvo\/wp-json\/wp\/v2\/users\/1"}],"replies":[{"embeddable":true,"href":"https:\/\/etran.rs\/drustvo\/wp-json\/wp\/v2\/comments?post=2546"}],"version-history":[{"count":8,"href":"https:\/\/etran.rs\/drustvo\/wp-json\/wp\/v2\/pages\/2546\/revisions"}],"predecessor-version":[{"id":2908,"href":"https:\/\/etran.rs\/drustvo\/wp-json\/wp\/v2\/pages\/2546\/revisions\/2908"}],"wp:attachment":[{"href":"https:\/\/etran.rs\/drustvo\/wp-json\/wp\/v2\/media?parent=2546"}],"curies":[{"name":"wp","href":"https:\/\/api.w.org\/{rel}","templated":true}]}}