{"id":2597,"date":"2021-11-26T08:41:45","date_gmt":"2021-11-26T07:41:45","guid":{"rendered":"https:\/\/etran.rs\/drustvo\/?page_id=2597"},"modified":"2022-11-16T11:13:46","modified_gmt":"2022-11-16T10:13:46","slug":"udruzenja-e","status":"publish","type":"page","link":"https:\/\/etran.rs\/drustvo\/udruzenja-e\/","title":{"rendered":"\u041a\u043e\u043b\u0435\u043a\u0442\u0438\u0432\u043d\u0438 \u0447\u043b\u0430\u043d\u043e\u0432\u0438"},"content":{"rendered":"\n<h3 class=\"wp-block-heading\">\u041a\u043e\u043b\u0435\u043a\u0442\u0438\u0432\u043d\u0438 \u0447\u043b\u0430\u043d\u043e\u0432\u0438 \u0415\u0422\u0420\u0410\u041d-\u0430<\/h3>\n\n\n\n<p>1. \u0415\u043b\u0435\u043a\u0442\u0440\u043e\u0442\u0435\u0445\u043d\u0438\u0447\u043a\u0438 \u0444\u0430\u043a\u0443\u043b\u0442\u0435\u0442, \u0411\u0435\u043e\u0433\u0440\u0430\u0434<\/p>\n\n\n\n<p>2. \u0415\u043b\u0435\u043a\u0442\u0440\u043e\u043d\u0441\u043a\u0438 \u0444\u0430\u043a\u0443\u043b\u0442\u0435\u0442, \u041d\u0438\u0448<\/p>\n\n\n\n<p>3. \u0415\u043b\u0435\u043a\u0442\u0440\u043e\u0442\u0435\u0445\u043d\u0438\u0447\u043a\u0438 \u0444\u0430\u043a\u0443\u043b\u0442\u0435\u0442, \u0418\u0441\u0442\u043e\u0447\u043d\u043e \u0421\u0430\u0440\u0430\u0458\u0435\u0432\u043e<\/p>\n\n\n\n<p>4. \u0424\u0430\u043a\u0443\u043b\u0442\u0435\u0442 \u0442\u0435\u0445\u043d\u0438\u0447\u043a\u0438\u0445 \u043d\u0430\u0443\u043a\u0430, \u0427\u0430\u0447\u0430\u043a<\/p>\n\n\n\n<p>5. \u0424\u0430\u043a\u0443\u043b\u0442\u0435\u0442 \u043e\u0440\u0433\u0430\u043d\u0438\u0437\u0430\u0446\u0438\u043e\u043d\u0438\u0445 \u043d\u0430\u0443\u043a\u0430, \u0411\u0435\u043e\u0433\u0440\u0430\u0434<\/p>\n\n\n\n<p>6. \u0415\u043b\u0435\u043a\u0442\u0440\u043e\u0442\u0435\u0445\u043d\u0438\u0447\u043a\u0438 \u0444\u0430\u043a\u0443\u043b\u0442\u0435\u0442, \u0411\u0430\u045a\u0430 \u041b\u0443\u043a\u0430<\/p>\n\n\n\n<p>7. \u0424\u0430\u043a\u0443\u043b\u0442\u0435\u0442 \u0442\u0435\u0445\u043d\u0438\u0447\u043a\u0438\u0445 \u043d\u0430\u0443\u043a\u0430, \u041d\u043e\u0432\u0438 \u0421\u0430\u0434<\/p>\n\n\n\n<p>8. \u0421\u0430\u043e\u0431\u0440\u0430\u045b\u0430\u0458\u043d\u0438 \u0444\u0430\u043a\u0443\u043b\u0442\u0435\u0442, \u0411\u0435\u043e\u0433\u0440\u0430\u0434<\/p>\n\n\n\n<p>9. \u0422\u0435\u0445\u043d\u043e\u043b\u043e\u0448k\u043e \u043c\u0435\u0442\u0430\u043b\u0443\u0440\u0448\u043a\u0438 \u0444\u0430\u043b\u0443\u043b\u0442\u0435\u0442,\u0411\u0435\u043e\u0433\u0440\u0430\u0434<\/p>\n\n\n\n<p>10. \u0423\u043d\u0438\u0432\u0435\u0440\u0437\u0438\u0442\u0435\u0442 \u0421\u0438\u043d\u0433\u0438\u0434\u0443\u043d\u0443\u043c, \u0411\u0435\u043e\u0433\u0440\u0430\u0434<\/p>\n\n\n\n<p>11. \u0418\u043d\u0441\u0442\u0438\u0442\u0443\u0442 \u0418\u0440\u0438\u0442\u0435\u043b \u0430.\u0434, \u0411\u0435\u043e\u0433\u0440\u0430\u0434<\/p>\n\n\n\n<p>12. \u0418\u043d\u0441\u0442\u0438\u0442\u0443\u0442 \u041c\u0438\u0445\u0430\u0458\u043b\u043e \u041f\u0443\u043f\u0438\u043d, \u0411\u0435\u043e\u0433\u0440\u0430\u0434<\/p>\n\n\n\n<p>13. \u0418\u043d\u0441\u0442\u0438\u0442\u0443\u0442 \u0442\u0435\u0445\u043d\u0438\u0447\u043a\u0438\u0445 \u043d\u0430\u0443\u043a\u0430 \u0421\u0410\u041d\u0423, \u0411\u0435\u043e\u0433\u0440\u0430\u0434<\/p>\n\n\n\n<p>14. \u0418\u043d\u043e\u0432\u0430\u0446\u0438\u043e\u043d\u0438 \u0446\u0435\u043d\u0442\u0430\u0440 \u0415\u043b\u0435\u043a\u0442\u0440\u043e\u0442\u0435\u0445\u043d\u0438\u0447\u043a\u043e\u0433 \u0444\u0430\u043a\u0443\u043b\u0442\u0435\u0442\u0430, \u0411\u0435\u043e\u0433\u0440\u0430\u0434<\/p>\n\n\n\n<p>15. \u0411\u0435\u043e\u0433\u0440\u0430\u0434\u0441\u043a\u0430 \u0430\u043a\u0430\u0434\u0435\u043c\u0438\u0458\u0430 \u043f\u043e\u0441\u043b\u043e\u0432\u043d\u0438\u0445 \u0438 \u0442\u0435\u0445\u043d\u0438\u0447\u043a\u0438\u0445 \u0441\u0442\u0440\u0443\u043a\u043e\u0432\u043d\u0438\u0445 \u0441\u0442\u0443\u0434\u0438\u0458\u0430, \u0411\u0435\u043e\u0433\u0440\u0430\u0434<\/p>\n\n\n\n<p>16. \u0410\u043a\u0430\u0434\u0435\u043c\u0438\u0458\u0430 \u0442\u0435\u0445\u043d\u0438\u0447\u043a\u043e-\u0443\u043c\u0435\u0442\u043d\u0438\u0447\u043a\u0438\u0445 \u0441\u0442\u0440\u0443\u043a\u043e\u0432\u043d\u0438\u0445 \u0441\u0442\u0443\u0434\u0438\u0458\u0430 \u0411\u0435\u043e\u0433\u0440\u0430\u0434, \u0411\u0435\u043e\u0433\u0440\u0430\u0434<\/p>\n\n\n\n<p>17. Akademija tehni\u010dko vaspita\u010dkih strukovnih studija, Ni\u0161, Srbija<\/p>\n\n\n\n<p>18. \u0412\u043b\u0430\u0442\u0430\u043a\u043e\u043c, \u0411\u0435\u043e\u0433\u0440\u0430\u0434<\/p>\n\n\n\n<p>19. \u0414\u0440\u0436\u0430\u0432\u043d\u0438 \u0423\u043d\u0438\u0432\u0435\u0440\u0437\u0438\u0442\u0435\u0442 \u0443 \u041d\u043e\u0432\u043e\u043c \u041f\u0430\u0437\u0430\u0440\u0443, \u041d\u043e\u0432\u0438 \u041f\u0430\u0437\u0430\u0440<\/p>\n\n\n\n<p>20. \u0424\u0430\u043a\u0443\u043b\u0442\u0435\u0442 \u0442\u0435\u0445\u043d\u0438\u0447\u043a\u0438\u0445 \u043d\u0430\u0443\u043a\u0430, \u041a\u043e\u0441\u043e\u0432\u0441\u043a\u0430 \u041c\u0438\u0442\u0440\u043e\u0432\u0438\u0446\u0430<\/p>\n\n\n\n<p>21. \u0410\u043a\u0430\u0434\u0435\u043c\u0438\u0458\u0430 \u0441\u0442\u0440\u0443\u043a\u043e\u0432\u043d\u0438\u0445 \u0441\u0442\u0443\u0434\u0438\u0458\u0430 \u043a\u043e\u0441\u043e\u0432\u0441\u043a\u043e \u043c\u0435\u0442\u043e\u0445\u0438\u0458\u0441\u043a\u0430, \u041b\u0435\u043f\u043e\u0441\u0430\u0432\u0438\u045b<\/p>\n\n\n\n<p>22. \u041c\u0430\u0448\u0438\u043d\u0441\u043a\u0438 \u0444\u0430\u043a\u0443\u043b\u0442\u0435\u0442, \u0411\u0435\u043e\u0433\u0440\u0430\u0434<\/p>\n\n\n\n<p>23. \u041d\u0430\u0443\u0447\u043d\u043e \u0442\u0435\u0445\u043d\u043e\u043b\u043e\u0448\u043a\u0438 \u043f\u0430\u0440\u043a \u0427\u0430\u0447\u0430\u043a<\/p>\n\n\n\n<p>24. \u0418\u043d\u0441\u0442\u0438\u0442\u0443\u0442 \u0437\u0430 \u043d\u0443\u043a\u043b\u0435\u0430\u0440\u043d\u0435 \u043d\u0430\u0443\u043a\u0435 \u201c\u0412\u0438\u043d\u0447\u0430\u201d, \u0423\u043d\u0438\u0432\u0435\u0440\u0437\u0438\u0442\u0435\u0442 \u0443 \u0411\u0435\u043e\u0433\u0440\u0430\u0434\u0443, \u0418\u043d\u0441\u0442\u0438\u0442\u0443\u0442 \u043e\u0434 \u043d\u0430\u0446\u0438\u043e\u043d\u0430\u043b\u043d\u043e\u0433 \u0437\u043d\u0430\u0447\u0430\u0458\u0430 \u0437\u0430 \u0420\u0435\u043f\u0443\u0431\u043b\u0438\u043a\u0443 \u0421\u0440\u0431\u0438\u0458\u0443<\/p>\n","protected":false},"excerpt":{"rendered":"<p>\u041a\u043e\u043b\u0435\u043a\u0442\u0438\u0432\u043d\u0438 \u0447\u043b\u0430\u043d\u043e\u0432\u0438 \u0415\u0422\u0420\u0410\u041d-\u0430 1. \u0415\u043b\u0435\u043a\u0442\u0440\u043e\u0442\u0435\u0445\u043d\u0438\u0447\u043a\u0438 \u0444\u0430\u043a\u0443\u043b\u0442\u0435\u0442, \u0411\u0435\u043e\u0433\u0440\u0430\u0434 2. \u0415\u043b\u0435\u043a\u0442\u0440\u043e\u043d\u0441\u043a\u0438 \u0444\u0430\u043a\u0443\u043b\u0442\u0435\u0442, \u041d\u0438\u0448 3. \u0415\u043b\u0435\u043a\u0442\u0440\u043e\u0442\u0435\u0445\u043d\u0438\u0447\u043a\u0438 \u0444\u0430\u043a\u0443\u043b\u0442\u0435\u0442, \u0418\u0441\u0442\u043e\u0447\u043d\u043e \u0421\u0430\u0440\u0430\u0458\u0435\u0432\u043e 4. \u0424\u0430\u043a\u0443\u043b\u0442\u0435\u0442 \u0442\u0435\u0445\u043d\u0438\u0447\u043a\u0438\u0445 \u043d\u0430\u0443\u043a\u0430, \u0427\u0430\u0447\u0430\u043a 5. \u0424\u0430\u043a\u0443\u043b\u0442\u0435\u0442 \u043e\u0440\u0433\u0430\u043d\u0438\u0437\u0430\u0446\u0438\u043e\u043d\u0438\u0445 \u043d\u0430\u0443\u043a\u0430, \u0411\u0435\u043e\u0433\u0440\u0430\u0434 6. \u0415\u043b\u0435\u043a\u0442\u0440\u043e\u0442\u0435\u0445\u043d\u0438\u0447\u043a\u0438 \u0444\u0430\u043a\u0443\u043b\u0442\u0435\u0442, \u0411\u0430\u045a\u0430 \u041b\u0443\u043a\u0430 7. \u0424\u0430\u043a\u0443\u043b\u0442\u0435\u0442 \u0442\u0435\u0445\u043d\u0438\u0447\u043a\u0438\u0445 \u043d\u0430\u0443\u043a\u0430, \u041d\u043e\u0432\u0438 \u0421\u0430\u0434 8. \u0421\u0430\u043e\u0431\u0440\u0430\u045b\u0430\u0458\u043d\u0438 \u0444\u0430\u043a\u0443\u043b\u0442\u0435\u0442, \u0411\u0435\u043e\u0433\u0440\u0430\u0434 9. \u0422\u0435\u0445\u043d\u043e\u043b\u043e\u0448k\u043e \u043c\u0435\u0442\u0430\u043b\u0443\u0440\u0448\u043a\u0438 \u0444\u0430\u043b\u0443\u043b\u0442\u0435\u0442,\u0411\u0435\u043e\u0433\u0440\u0430\u0434 10. \u0423\u043d\u0438\u0432\u0435\u0440\u0437\u0438\u0442\u0435\u0442 \u0421\u0438\u043d\u0433\u0438\u0434\u0443\u043d\u0443\u043c, \u0411\u0435\u043e\u0433\u0440\u0430\u0434 11. \u0418\u043d\u0441\u0442\u0438\u0442\u0443\u0442 \u0418\u0440\u0438\u0442\u0435\u043b \u0430.\u0434, \u0411\u0435\u043e\u0433\u0440\u0430\u0434 12. [\u2026]<\/p>\n","protected":false},"author":1,"featured_media":0,"parent":0,"menu_order":0,"comment_status":"closed","ping_status":"closed","template":"","meta":{"_monsterinsights_skip_tracking":false,"_monsterinsights_sitenote_active":false,"_monsterinsights_sitenote_note":"","_monsterinsights_sitenote_category":0,"footnotes":""},"class_list":["post-2597","page","type-page","status-publish","hentry"],"aioseo_notices":[],"_links":{"self":[{"href":"https:\/\/etran.rs\/drustvo\/wp-json\/wp\/v2\/pages\/2597","targetHints":{"allow":["GET"]}}],"collection":[{"href":"https:\/\/etran.rs\/drustvo\/wp-json\/wp\/v2\/pages"}],"about":[{"href":"https:\/\/etran.rs\/drustvo\/wp-json\/wp\/v2\/types\/page"}],"author":[{"embeddable":true,"href":"https:\/\/etran.rs\/drustvo\/wp-json\/wp\/v2\/users\/1"}],"replies":[{"embeddable":true,"href":"https:\/\/etran.rs\/drustvo\/wp-json\/wp\/v2\/comments?post=2597"}],"version-history":[{"count":14,"href":"https:\/\/etran.rs\/drustvo\/wp-json\/wp\/v2\/pages\/2597\/revisions"}],"predecessor-version":[{"id":2974,"href":"https:\/\/etran.rs\/drustvo\/wp-json\/wp\/v2\/pages\/2597\/revisions\/2974"}],"wp:attachment":[{"href":"https:\/\/etran.rs\/drustvo\/wp-json\/wp\/v2\/media?parent=2597"}],"curies":[{"name":"wp","href":"https:\/\/api.w.org\/{rel}","templated":true}]}}